{"id":457,"date":"2025-10-13T09:43:00","date_gmt":"2025-10-13T09:43:00","guid":{"rendered":"https:\/\/filtertek.fr\/?page_id=457"},"modified":"2025-10-13T10:06:44","modified_gmt":"2025-10-13T10:06:44","slug":"actualites","status":"publish","type":"page","link":"https:\/\/filtertek.fr\/en\/actualites\/","title":{"rendered":"Actualit\u00e9s"},"content":{"rendered":"<div data-elementor-type=\"wp-page\" data-elementor-id=\"457\" class=\"elementor elementor-457\">\n\t\t\t\t<div class=\"elementor-element elementor-element-1e2d55c e-flex e-con-boxed e-con e-parent\" data-id=\"1e2d55c\" data-element_type=\"container\" data-e-type=\"container\" data-settings=\"{&quot;background_background&quot;:&quot;classic&quot;}\">\n\t\t\t\t\t<div class=\"e-con-inner\">\n\t\t\t\t<div class=\"elementor-element elementor-element-9cadbeb elementor-widget elementor-widget-heading\" data-id=\"9cadbeb\" data-element_type=\"widget\" data-e-type=\"widget\" data-widget_type=\"heading.default\">\n\t\t\t\t<div class=\"elementor-widget-container\">\n\t\t\t\t\t<h1 class=\"elementor-heading-title elementor-size-default\">ACTUALITES<\/h1>\t\t\t\t<\/div>\n\t\t\t\t<\/div>\n\t\t\t\t\t<\/div>\n\t\t\t\t<\/div>\n\t\t<div class=\"elementor-element elementor-element-247b9e8 e-flex e-con-boxed e-con e-parent\" data-id=\"247b9e8\" data-element_type=\"container\" data-e-type=\"container\">\n\t\t\t\t\t<div class=\"e-con-inner\">\n\t\t<div class=\"elementor-element elementor-element-7a15d5c e-con-full e-flex e-con e-child\" data-id=\"7a15d5c\" data-element_type=\"container\" data-e-type=\"container\">\n\t\t\t\t<div class=\"elementor-element elementor-element-312865f elementor-widget__width-initial elementor-widget elementor-widget-image\" data-id=\"312865f\" data-element_type=\"widget\" data-e-type=\"widget\" data-widget_type=\"image.default\">\n\t\t\t\t<div class=\"elementor-widget-container\">\n\t\t\t\t\t\t\t\t\t\t\t\t\t\t\t<img decoding=\"async\" width=\"150\" height=\"150\" src=\"https:\/\/filtertek.fr\/wp-content\/uploads\/2025\/10\/info-150x150.jpg\" class=\"attachment-thumbnail size-thumbnail wp-image-459\" alt=\"\" \/>\t\t\t\t\t\t\t\t\t\t\t\t\t\t\t<\/div>\n\t\t\t\t<\/div>\n\t\t\t\t<\/div>\n\t\t<div class=\"elementor-element elementor-element-2d283ce e-con-full e-flex e-con e-child\" data-id=\"2d283ce\" data-element_type=\"container\" data-e-type=\"container\">\n\t\t\t\t<div class=\"elementor-element elementor-element-74193c6 elementor-widget elementor-widget-text-editor\" data-id=\"74193c6\" data-element_type=\"widget\" data-e-type=\"widget\" data-widget_type=\"text-editor.default\">\n\t\t\t\t<div class=\"elementor-widget-container\">\n\t\t\t\t\t\t\t\t\t<p><span style=\"text-decoration: underline;\"><strong><a href=\"https:\/\/filtertek.fr\/wp-content\/uploads\/2025\/10\/Newsletter-Filtertek-Septembre-Octobre-2025.pdf\">Newsletter Filtertek Septembre Octobre 2025<\/a><\/strong><\/span><\/p>\t\t\t\t\t\t\t\t<\/div>\n\t\t\t\t<\/div>\n\t\t\t\t<\/div>\n\t\t\t\t\t<\/div>\n\t\t\t\t<\/div>\n\t\t\t\t<\/div>","protected":false},"excerpt":{"rendered":"<p>ACTUALITES Newsletter Filtertek Septembre Octobre 2025<\/p>","protected":false},"author":2,"featured_media":0,"parent":0,"menu_order":0,"comment_status":"closed","ping_status":"closed","template":"","meta":{"site-sidebar-layout":"no-sidebar","site-content-layout":"","ast-site-content-layout":"full-width-container","site-content-style":"default","site-sidebar-style":"default","ast-global-header-display":"","ast-banner-title-visibility":"","ast-main-header-display":"","ast-hfb-above-header-display":"","ast-hfb-below-header-display":"","ast-hfb-mobile-header-display":"","site-post-title":"disabled","ast-breadcrumbs-content":"","ast-featured-img":"disabled","footer-sml-layout":"","theme-transparent-header-meta":"","adv-header-id-meta":"","stick-header-meta":"","header-above-stick-meta":"","header-main-stick-meta":"","header-below-stick-meta":"","astra-migrate-meta-layouts":"default","ast-page-background-enabled":"default","ast-page-background-meta":{"desktop":{"background-color":"var(--ast-global-color-4)","background-image":"","background-repeat":"repeat","background-position":"center center","background-size":"auto","background-attachment":"scroll","background-type":"","background-media":"","overlay-type":"","overlay-color":"","overlay-opacity":"","overlay-gradient":""},"tablet":{"background-color":"","background-image":"","background-repeat":"repeat","background-position":"center center","background-size":"auto","background-attachment":"scroll","background-type":"","background-media":"","overlay-type":"","overlay-color":"","overlay-opacity":"","overlay-gradient":""},"mobile":{"background-color":"","background-image":"","background-repeat":"repeat","background-position":"center center","background-size":"auto","background-attachment":"scroll","background-type":"","background-media":"","overlay-type":"","overlay-color":"","overlay-opacity":"","overlay-gradient":""}},"ast-content-background-meta":{"desktop":{"background-color":"var(--ast-global-color-5)","background-image":"","background-repeat":"repeat","background-position":"center center","background-size":"auto","background-attachment":"scroll","background-type":"","background-media":"","overlay-type":"","overlay-color":"","overlay-opacity":"","overlay-gradient":""},"tablet":{"background-color":"var(--ast-global-color-5)","background-image":"","background-repeat":"repeat","background-position":"center center","background-size":"auto","background-attachment":"scroll","background-type":"","background-media":"","overlay-type":"","overlay-color":"","overlay-opacity":"","overlay-gradient":""},"mobile":{"background-color":"var(--ast-global-color-5)","background-image":"","background-repeat":"repeat","background-position":"center center","background-size":"auto","background-attachment":"scroll","background-type":"","background-media":"","overlay-type":"","overlay-color":"","overlay-opacity":"","overlay-gradient":""}},"footnotes":""},"class_list":["post-457","page","type-page","status-publish","hentry"],"yoast_head":"<!-- This site is optimized with the Yoast SEO plugin v27.0 - https:\/\/yoast.com\/product\/yoast-seo-wordpress\/ -->\n<title>Actualit\u00e9s - Filtertek<\/title>\n<meta name=\"robots\" content=\"index, follow, max-snippet:-1, max-image-preview:large, max-video-preview:-1\" \/>\n<link rel=\"canonical\" href=\"https:\/\/filtertek.fr\/en\/actualites\/\" \/>\n<meta property=\"og:locale\" content=\"en_GB\" \/>\n<meta property=\"og:type\" content=\"article\" \/>\n<meta property=\"og:title\" content=\"Actualit\u00e9s - Filtertek\" \/>\n<meta property=\"og:description\" content=\"ACTUALITES Newsletter Filtertek Septembre Octobre 2025\" \/>\n<meta property=\"og:url\" content=\"https:\/\/filtertek.fr\/en\/actualites\/\" \/>\n<meta property=\"og:site_name\" content=\"Filtertek\" \/>\n<meta property=\"article:modified_time\" content=\"2025-10-13T10:06:44+00:00\" \/>\n<meta property=\"og:image\" content=\"https:\/\/filtertek.fr\/wp-content\/uploads\/2025\/10\/info.jpg\" \/>\n\t<meta property=\"og:image:width\" content=\"600\" \/>\n\t<meta property=\"og:image:height\" content=\"360\" \/>\n\t<meta property=\"og:image:type\" content=\"image\/jpeg\" \/>\n<meta name=\"twitter:card\" content=\"summary_large_image\" \/>\n<meta name=\"twitter:label1\" content=\"Estimated reading time\" \/>\n\t<meta name=\"twitter:data1\" content=\"1 minute\" \/>\n<script type=\"application\/ld+json\" class=\"yoast-schema-graph\">{\"@context\":\"https:\/\/schema.org\",\"@graph\":[{\"@type\":\"WebPage\",\"@id\":\"https:\/\/filtertek.fr\/actualites\/\",\"url\":\"https:\/\/filtertek.fr\/actualites\/\",\"name\":\"Actualit\u00e9s - Filtertek\",\"isPartOf\":{\"@id\":\"https:\/\/filtertek.fr\/#website\"},\"primaryImageOfPage\":{\"@id\":\"https:\/\/filtertek.fr\/actualites\/#primaryimage\"},\"image\":{\"@id\":\"https:\/\/filtertek.fr\/actualites\/#primaryimage\"},\"thumbnailUrl\":\"https:\/\/filtertek.fr\/wp-content\/uploads\/2025\/10\/info-150x150.jpg\",\"datePublished\":\"2025-10-13T09:43:00+00:00\",\"dateModified\":\"2025-10-13T10:06:44+00:00\",\"breadcrumb\":{\"@id\":\"https:\/\/filtertek.fr\/actualites\/#breadcrumb\"},\"inLanguage\":\"en-GB\",\"potentialAction\":[{\"@type\":\"ReadAction\",\"target\":[\"https:\/\/filtertek.fr\/actualites\/\"]}]},{\"@type\":\"ImageObject\",\"inLanguage\":\"en-GB\",\"@id\":\"https:\/\/filtertek.fr\/actualites\/#primaryimage\",\"url\":\"https:\/\/filtertek.fr\/wp-content\/uploads\/2025\/10\/info-150x150.jpg\",\"contentUrl\":\"https:\/\/filtertek.fr\/wp-content\/uploads\/2025\/10\/info-150x150.jpg\"},{\"@type\":\"BreadcrumbList\",\"@id\":\"https:\/\/filtertek.fr\/actualites\/#breadcrumb\",\"itemListElement\":[{\"@type\":\"ListItem\",\"position\":1,\"name\":\"Home\",\"item\":\"https:\/\/filtertek.fr\/\"},{\"@type\":\"ListItem\",\"position\":2,\"name\":\"Actualit\u00e9s\"}]},{\"@type\":\"WebSite\",\"@id\":\"https:\/\/filtertek.fr\/#website\",\"url\":\"https:\/\/filtertek.fr\/\",\"name\":\"Filtertek\",\"description\":\"Votre sp\u00e9cialiste de la filtration, s\u00e9paration &amp; propret\u00e9 | Filtertek \u2013 Pr\u00e9sent sur le march\u00e9 de l\u2019automobile depuis 60 ans, Filtertek con\u00e7oit, d\u00e9veloppe et produit des solutions de filtration et de s\u00e9paration.\",\"potentialAction\":[{\"@type\":\"SearchAction\",\"target\":{\"@type\":\"EntryPoint\",\"urlTemplate\":\"https:\/\/filtertek.fr\/?s={search_term_string}\"},\"query-input\":{\"@type\":\"PropertyValueSpecification\",\"valueRequired\":true,\"valueName\":\"search_term_string\"}}],\"inLanguage\":\"en-GB\"}]}<\/script>\n<!-- \/ Yoast SEO plugin. -->","yoast_head_json":{"title":"Actualit\u00e9s - Filtertek","robots":{"index":"index","follow":"follow","max-snippet":"max-snippet:-1","max-image-preview":"max-image-preview:large","max-video-preview":"max-video-preview:-1"},"canonical":"https:\/\/filtertek.fr\/en\/actualites\/","og_locale":"en_GB","og_type":"article","og_title":"Actualit\u00e9s - Filtertek","og_description":"ACTUALITES Newsletter Filtertek Septembre Octobre 2025","og_url":"https:\/\/filtertek.fr\/en\/actualites\/","og_site_name":"Filtertek","article_modified_time":"2025-10-13T10:06:44+00:00","og_image":[{"width":600,"height":360,"url":"https:\/\/filtertek.fr\/wp-content\/uploads\/2025\/10\/info.jpg","type":"image\/jpeg"}],"twitter_card":"summary_large_image","twitter_misc":{"Estimated reading time":"1 minute"},"schema":{"@context":"https:\/\/schema.org","@graph":[{"@type":"WebPage","@id":"https:\/\/filtertek.fr\/actualites\/","url":"https:\/\/filtertek.fr\/actualites\/","name":"Actualit\u00e9s - Filtertek","isPartOf":{"@id":"https:\/\/filtertek.fr\/#website"},"primaryImageOfPage":{"@id":"https:\/\/filtertek.fr\/actualites\/#primaryimage"},"image":{"@id":"https:\/\/filtertek.fr\/actualites\/#primaryimage"},"thumbnailUrl":"https:\/\/filtertek.fr\/wp-content\/uploads\/2025\/10\/info-150x150.jpg","datePublished":"2025-10-13T09:43:00+00:00","dateModified":"2025-10-13T10:06:44+00:00","breadcrumb":{"@id":"https:\/\/filtertek.fr\/actualites\/#breadcrumb"},"inLanguage":"en-GB","potentialAction":[{"@type":"ReadAction","target":["https:\/\/filtertek.fr\/actualites\/"]}]},{"@type":"ImageObject","inLanguage":"en-GB","@id":"https:\/\/filtertek.fr\/actualites\/#primaryimage","url":"https:\/\/filtertek.fr\/wp-content\/uploads\/2025\/10\/info-150x150.jpg","contentUrl":"https:\/\/filtertek.fr\/wp-content\/uploads\/2025\/10\/info-150x150.jpg"},{"@type":"BreadcrumbList","@id":"https:\/\/filtertek.fr\/actualites\/#breadcrumb","itemListElement":[{"@type":"ListItem","position":1,"name":"Home","item":"https:\/\/filtertek.fr\/"},{"@type":"ListItem","position":2,"name":"Actualit\u00e9s"}]},{"@type":"WebSite","@id":"https:\/\/filtertek.fr\/#website","url":"https:\/\/filtertek.fr\/","name":"Filtertek","description":"Votre sp\u00e9cialiste de la filtration, s\u00e9paration &amp; propret\u00e9 | Filtertek \u2013 Pr\u00e9sent sur le march\u00e9 de l\u2019automobile depuis 60 ans, Filtertek con\u00e7oit, d\u00e9veloppe et produit des solutions de filtration et de s\u00e9paration.","potentialAction":[{"@type":"SearchAction","target":{"@type":"EntryPoint","urlTemplate":"https:\/\/filtertek.fr\/?s={search_term_string}"},"query-input":{"@type":"PropertyValueSpecification","valueRequired":true,"valueName":"search_term_string"}}],"inLanguage":"en-GB"}]}},"_links":{"self":[{"href":"https:\/\/filtertek.fr\/en\/wp-json\/wp\/v2\/pages\/457","targetHints":{"allow":["GET"]}}],"collection":[{"href":"https:\/\/filtertek.fr\/en\/wp-json\/wp\/v2\/pages"}],"about":[{"href":"https:\/\/filtertek.fr\/en\/wp-json\/wp\/v2\/types\/page"}],"author":[{"embeddable":true,"href":"https:\/\/filtertek.fr\/en\/wp-json\/wp\/v2\/users\/2"}],"replies":[{"embeddable":true,"href":"https:\/\/filtertek.fr\/en\/wp-json\/wp\/v2\/comments?post=457"}],"version-history":[{"count":10,"href":"https:\/\/filtertek.fr\/en\/wp-json\/wp\/v2\/pages\/457\/revisions"}],"predecessor-version":[{"id":473,"href":"https:\/\/filtertek.fr\/en\/wp-json\/wp\/v2\/pages\/457\/revisions\/473"}],"wp:attachment":[{"href":"https:\/\/filtertek.fr\/en\/wp-json\/wp\/v2\/media?parent=457"}],"curies":[{"name":"wp","href":"https:\/\/api.w.org\/{rel}","templated":true}]}}