{"id":272,"date":"2024-05-27T12:53:22","date_gmt":"2024-05-27T12:53:22","guid":{"rendered":"https:\/\/filtertek.fr\/?page_id=272"},"modified":"2024-12-31T17:56:30","modified_gmt":"2024-12-31T17:56:30","slug":"mention-legales","status":"publish","type":"page","link":"https:\/\/filtertek.fr\/en\/mention-legales\/","title":{"rendered":"Mentions l\u00e9gales"},"content":{"rendered":"<div data-elementor-type=\"wp-page\" data-elementor-id=\"272\" class=\"elementor elementor-272\">\n\t\t\t\t<div class=\"elementor-element elementor-element-c469f1e e-flex e-con-boxed e-con e-parent\" data-id=\"c469f1e\" data-element_type=\"container\" data-e-type=\"container\" data-settings=\"{&quot;background_background&quot;:&quot;classic&quot;}\">\n\t\t\t\t\t<div class=\"e-con-inner\">\n\t\t\t\t<div class=\"elementor-element elementor-element-9d54301 elementor-widget elementor-widget-heading\" data-id=\"9d54301\" data-element_type=\"widget\" data-e-type=\"widget\" data-widget_type=\"heading.default\">\n\t\t\t\t<div class=\"elementor-widget-container\">\n\t\t\t\t\t<h1 class=\"elementor-heading-title elementor-size-default\">Mentions l\u00e9gales<\/h1>\t\t\t\t<\/div>\n\t\t\t\t<\/div>\n\t\t\t\t\t<\/div>\n\t\t\t\t<\/div>\n\t\t<div class=\"elementor-element elementor-element-c97ef14 e-flex e-con-boxed e-con e-parent\" data-id=\"c97ef14\" data-element_type=\"container\" data-e-type=\"container\" data-settings=\"{&quot;background_background&quot;:&quot;classic&quot;}\">\n\t\t\t\t\t<div class=\"e-con-inner\">\n\t\t\t\t<div class=\"elementor-element elementor-element-46f820e elementor-widget elementor-widget-text-editor\" data-id=\"46f820e\" data-element_type=\"widget\" data-e-type=\"widget\" data-widget_type=\"text-editor.default\">\n\t\t\t\t<div class=\"elementor-widget-container\">\n\t\t\t\t\t\t\t\t\t<p>Conform\u00e9ment aux dispositions des Articles 6-III et 19 de la Loi n\u00b02004-575 du 21 juin 2004 pour la Confiance dans l\u2019\u00e9conomie num\u00e9rique, dite L.C.E.N., il est port\u00e9 \u00e0 la connaissance des utilisateurs et visiteurs du site mja-habitat.com, les pr\u00e9sentes mentions l\u00e9gales.<br \/>La connexion et la navigation sur le Site par l\u2019Utilisateur implique acceptation int\u00e9grale et sans r\u00e9serve des pr\u00e9sentes mentions l\u00e9gales. Ces derni\u00e8res sont accessibles sur le Site \u00e0 la rubrique \u00ab Mentions l\u00e9gales \u00bb.<\/p><p><b>R\u00e9alisation et communication<br \/><\/b>RC2i est une<a href=\"https:\/\/rc2i.net\/oise\/agence-web-n2\/\"> agence Web sp\u00e9cialis\u00e9e dans le r\u00e9f\u00e9rencement naturel<\/a> (SEO) et la strat\u00e9gie digitale, d\u00e9di\u00e9e \u00e0 accompagner artisans, TPE, PME et ETI dans leur transformation num\u00e9rique. L\u2019entreprise propose des audits SEO approfondis, des optimisations techniques et des strat\u00e9gies sur mesure pour am\u00e9liorer la visibilit\u00e9 en ligne de ses clients. Elle con\u00e7oit \u00e9galement des sites web adapt\u00e9s aux besoins des artisans et petites entreprises, tout en offrant un accompagnement personnalis\u00e9 pour maximiser leur impact. RC2i se distingue par son expertise en marketing digital, incluant la gestion de campagnes publicitaires Google Ads, la cr\u00e9ation de contenus optimis\u00e9s et la gestion des r\u00e9seaux sociaux. En compl\u00e9ment, Rc2i, dispense des formations SEO accessibles et d\u00e9veloppe des outils d\u2019automatisation pour simplifier la gestion et l\u2019analyse des donn\u00e9es, le tout dans une d\u00e9marche structur\u00e9e et orient\u00e9e r\u00e9sultats.<\/p><p><b>ARTICLE 1 \u2013 L\u2019EDITEUR<br \/><\/b>Ci-apr\u00e8s I-Editeur.<br \/>FILTERTEK, soci\u00e9t\u00e9 par actions simplifi\u00e9e, immatricul\u00e9e sous le SIREN 000000000000.<br \/>Domicili\u00e9e \u00e0 .<br \/>Num\u00e9ro SIRET (si\u00e8ge) : .<br \/>Num\u00e9ro RCS :\u00a0<\/p><p><b>ARTICLE 2 \u2013 L\u2019HEBERGEUR<br \/><\/b>L\u2019h\u00e9bergeur du Site est la soci\u00e9t\u00e9 dont le si\u00e8ge social est situ\u00e9 au avec le num\u00e9ro de t\u00e9l\u00e9phone : + adresse mail de contact<\/p><p><b>ARTICLE 3 \u2013 ACCES AU SITE<br \/><\/b>Le Site est accessible en tout endroit. 7j\/7, 24h\/24 sauf cas de force majeure, interruption programm\u00e9e ou non et pouvant d\u00e9coulant d\u2019une n\u00e9cessit\u00e9 de maintenance.<br \/>En cas de modification. interruption ou suspension du Site. l\u2019Editeur ne saurait \u00eatre tenu responsable.<\/p><p><b>ARTICLE 4 \u2013 COLLECTE DES DONNEES<br \/><\/b>Le site assure \u00e0 l\u2019Utilisateur une collecte et un traitement d\u2019informations personnelles dans le respect de la vie priv\u00e9e conform\u00e9ment \u00e0 la loi n\u00b078-17 du 6 janvier 1978 relative \u00e0 l\u2019informatique, aux fichiers et aux libert\u00e9s.<\/p><p>En vertu de la loi Informatique et Libert\u00e9s, en date du 6 janvier 1978, l\u2019Utilisateur dispose d\u2019un droit d\u2019acc\u00e8s, de rectification, de suppression et d\u2019opposition de ses donn\u00e9es personnelles. L\u2019Utilisateur exerce ce droit :<\/p><p>Toute utilisation, reproduction, diffusion, commercialisation, modification de toute ou partie du Site, sans autorisation de l\u2019Editeur est prohib\u00e9e et pourra entra\u00een\u00e9e des actions et poursuites judiciaires telles que notamment pr\u00e9vues par le Code de la propri\u00e9t\u00e9 intellectuelle et le Code civil.<\/p>\t\t\t\t\t\t\t\t<\/div>\n\t\t\t\t<\/div>\n\t\t\t\t\t<\/div>\n\t\t\t\t<\/div>\n\t\t\t\t<\/div>","protected":false},"excerpt":{"rendered":"<p>Mentions l\u00e9gales Conform\u00e9ment aux dispositions des Articles 6-III et 19 de la Loi n\u00b02004-575 du 21 juin 2004 pour la [&hellip;]<\/p>\n","protected":false},"author":1,"featured_media":0,"parent":0,"menu_order":0,"comment_status":"closed","ping_status":"closed","template":"","meta":{"site-sidebar-layout":"no-sidebar","site-content-layout":"","ast-site-content-layout":"full-width-container","site-content-style":"default","site-sidebar-style":"default","ast-global-header-display":"","ast-banner-title-visibility":"","ast-main-header-display":"","ast-hfb-above-header-display":"","ast-hfb-below-header-display":"","ast-hfb-mobile-header-display":"","site-post-title":"disabled","ast-breadcrumbs-content":"","ast-featured-img":"disabled","footer-sml-layout":"","theme-transparent-header-meta":"","adv-header-id-meta":"","stick-header-meta":"","header-above-stick-meta":"","header-main-stick-meta":"","header-below-stick-meta":"","astra-migrate-meta-layouts":"default","ast-page-background-enabled":"default","ast-page-background-meta":{"desktop":{"background-color":"var(--ast-global-color-4)","background-image":"","background-repeat":"repeat","background-position":"center center","background-size":"auto","background-attachment":"scroll","background-type":"","background-media":"","overlay-type":"","overlay-color":"","overlay-opacity":"","overlay-gradient":""},"tablet":{"background-color":"","background-image":"","background-repeat":"repeat","background-position":"center center","background-size":"auto","background-attachment":"scroll","background-type":"","background-media":"","overlay-type":"","overlay-color":"","overlay-opacity":"","overlay-gradient":""},"mobile":{"background-color":"","background-image":"","background-repeat":"repeat","background-position":"center center","background-size":"auto","background-attachment":"scroll","background-type":"","background-media":"","overlay-type":"","overlay-color":"","overlay-opacity":"","overlay-gradient":""}},"ast-content-background-meta":{"desktop":{"background-color":"var(--ast-global-color-5)","background-image":"","background-repeat":"repeat","background-position":"center center","background-size":"auto","background-attachment":"scroll","background-type":"","background-media":"","overlay-type":"","overlay-color":"","overlay-opacity":"","overlay-gradient":""},"tablet":{"background-color":"var(--ast-global-color-5)","background-image":"","background-repeat":"repeat","background-position":"center center","background-size":"auto","background-attachment":"scroll","background-type":"","background-media":"","overlay-type":"","overlay-color":"","overlay-opacity":"","overlay-gradient":""},"mobile":{"background-color":"var(--ast-global-color-5)","background-image":"","background-repeat":"repeat","background-position":"center center","background-size":"auto","background-attachment":"scroll","background-type":"","background-media":"","overlay-type":"","overlay-color":"","overlay-opacity":"","overlay-gradient":""}},"footnotes":""},"class_list":["post-272","page","type-page","status-publish","hentry"],"yoast_head":"<!-- This site is optimized with the Yoast SEO plugin v27.0 - https:\/\/yoast.com\/product\/yoast-seo-wordpress\/ -->\n<title>Mentions l\u00e9gales - Filtertek<\/title>\n<meta name=\"robots\" content=\"index, follow, max-snippet:-1, max-image-preview:large, max-video-preview:-1\" \/>\n<link rel=\"canonical\" href=\"https:\/\/filtertek.fr\/en\/mention-legales\/\" \/>\n<meta property=\"og:locale\" content=\"en_GB\" \/>\n<meta property=\"og:type\" content=\"article\" \/>\n<meta property=\"og:title\" content=\"Mentions l\u00e9gales - Filtertek\" \/>\n<meta property=\"og:description\" content=\"Mentions l\u00e9gales Conform\u00e9ment aux dispositions des Articles 6-III et 19 de la Loi n\u00b02004-575 du 21 juin 2004 pour la [&hellip;]\" \/>\n<meta property=\"og:url\" content=\"https:\/\/filtertek.fr\/en\/mention-legales\/\" \/>\n<meta property=\"og:site_name\" content=\"Filtertek\" \/>\n<meta property=\"article:modified_time\" content=\"2024-12-31T17:56:30+00:00\" \/>\n<meta name=\"twitter:card\" content=\"summary_large_image\" \/>\n<meta name=\"twitter:label1\" content=\"Estimated reading time\" \/>\n\t<meta name=\"twitter:data1\" content=\"3 minutes\" \/>\n<script type=\"application\/ld+json\" class=\"yoast-schema-graph\">{\"@context\":\"https:\/\/schema.org\",\"@graph\":[{\"@type\":\"WebPage\",\"@id\":\"https:\/\/filtertek.fr\/mention-legales\/\",\"url\":\"https:\/\/filtertek.fr\/mention-legales\/\",\"name\":\"Mentions l\u00e9gales - Filtertek\",\"isPartOf\":{\"@id\":\"https:\/\/filtertek.fr\/#website\"},\"datePublished\":\"2024-05-27T12:53:22+00:00\",\"dateModified\":\"2024-12-31T17:56:30+00:00\",\"breadcrumb\":{\"@id\":\"https:\/\/filtertek.fr\/mention-legales\/#breadcrumb\"},\"inLanguage\":\"en-GB\",\"potentialAction\":[{\"@type\":\"ReadAction\",\"target\":[\"https:\/\/filtertek.fr\/mention-legales\/\"]}]},{\"@type\":\"BreadcrumbList\",\"@id\":\"https:\/\/filtertek.fr\/mention-legales\/#breadcrumb\",\"itemListElement\":[{\"@type\":\"ListItem\",\"position\":1,\"name\":\"Home\",\"item\":\"https:\/\/filtertek.fr\/\"},{\"@type\":\"ListItem\",\"position\":2,\"name\":\"Mentions l\u00e9gales\"}]},{\"@type\":\"WebSite\",\"@id\":\"https:\/\/filtertek.fr\/#website\",\"url\":\"https:\/\/filtertek.fr\/\",\"name\":\"Filtertek\",\"description\":\"Votre sp\u00e9cialiste de la filtration, s\u00e9paration &amp; propret\u00e9 | Filtertek \u2013 Pr\u00e9sent sur le march\u00e9 de l\u2019automobile depuis 60 ans, Filtertek con\u00e7oit, d\u00e9veloppe et produit des solutions de filtration et de s\u00e9paration.\",\"potentialAction\":[{\"@type\":\"SearchAction\",\"target\":{\"@type\":\"EntryPoint\",\"urlTemplate\":\"https:\/\/filtertek.fr\/?s={search_term_string}\"},\"query-input\":{\"@type\":\"PropertyValueSpecification\",\"valueRequired\":true,\"valueName\":\"search_term_string\"}}],\"inLanguage\":\"en-GB\"}]}<\/script>\n<!-- \/ Yoast SEO plugin. -->","yoast_head_json":{"title":"Mentions l\u00e9gales - Filtertek","robots":{"index":"index","follow":"follow","max-snippet":"max-snippet:-1","max-image-preview":"max-image-preview:large","max-video-preview":"max-video-preview:-1"},"canonical":"https:\/\/filtertek.fr\/en\/mention-legales\/","og_locale":"en_GB","og_type":"article","og_title":"Mentions l\u00e9gales - Filtertek","og_description":"Mentions l\u00e9gales Conform\u00e9ment aux dispositions des Articles 6-III et 19 de la Loi n\u00b02004-575 du 21 juin 2004 pour la [&hellip;]","og_url":"https:\/\/filtertek.fr\/en\/mention-legales\/","og_site_name":"Filtertek","article_modified_time":"2024-12-31T17:56:30+00:00","twitter_card":"summary_large_image","twitter_misc":{"Estimated reading time":"3 minutes"},"schema":{"@context":"https:\/\/schema.org","@graph":[{"@type":"WebPage","@id":"https:\/\/filtertek.fr\/mention-legales\/","url":"https:\/\/filtertek.fr\/mention-legales\/","name":"Mentions l\u00e9gales - Filtertek","isPartOf":{"@id":"https:\/\/filtertek.fr\/#website"},"datePublished":"2024-05-27T12:53:22+00:00","dateModified":"2024-12-31T17:56:30+00:00","breadcrumb":{"@id":"https:\/\/filtertek.fr\/mention-legales\/#breadcrumb"},"inLanguage":"en-GB","potentialAction":[{"@type":"ReadAction","target":["https:\/\/filtertek.fr\/mention-legales\/"]}]},{"@type":"BreadcrumbList","@id":"https:\/\/filtertek.fr\/mention-legales\/#breadcrumb","itemListElement":[{"@type":"ListItem","position":1,"name":"Home","item":"https:\/\/filtertek.fr\/"},{"@type":"ListItem","position":2,"name":"Mentions l\u00e9gales"}]},{"@type":"WebSite","@id":"https:\/\/filtertek.fr\/#website","url":"https:\/\/filtertek.fr\/","name":"Filtertek","description":"Votre sp\u00e9cialiste de la filtration, s\u00e9paration &amp; propret\u00e9 | Filtertek \u2013 Pr\u00e9sent sur le march\u00e9 de l\u2019automobile depuis 60 ans, Filtertek con\u00e7oit, d\u00e9veloppe et produit des solutions de filtration et de s\u00e9paration.","potentialAction":[{"@type":"SearchAction","target":{"@type":"EntryPoint","urlTemplate":"https:\/\/filtertek.fr\/?s={search_term_string}"},"query-input":{"@type":"PropertyValueSpecification","valueRequired":true,"valueName":"search_term_string"}}],"inLanguage":"en-GB"}]}},"_links":{"self":[{"href":"https:\/\/filtertek.fr\/en\/wp-json\/wp\/v2\/pages\/272","targetHints":{"allow":["GET"]}}],"collection":[{"href":"https:\/\/filtertek.fr\/en\/wp-json\/wp\/v2\/pages"}],"about":[{"href":"https:\/\/filtertek.fr\/en\/wp-json\/wp\/v2\/types\/page"}],"author":[{"embeddable":true,"href":"https:\/\/filtertek.fr\/en\/wp-json\/wp\/v2\/users\/1"}],"replies":[{"embeddable":true,"href":"https:\/\/filtertek.fr\/en\/wp-json\/wp\/v2\/comments?post=272"}],"version-history":[{"count":3,"href":"https:\/\/filtertek.fr\/en\/wp-json\/wp\/v2\/pages\/272\/revisions"}],"predecessor-version":[{"id":422,"href":"https:\/\/filtertek.fr\/en\/wp-json\/wp\/v2\/pages\/272\/revisions\/422"}],"wp:attachment":[{"href":"https:\/\/filtertek.fr\/en\/wp-json\/wp\/v2\/media?parent=272"}],"curies":[{"name":"wp","href":"https:\/\/api.w.org\/{rel}","templated":true}]}}